{"id":41,"date":"2023-03-06T00:17:08","date_gmt":"2023-03-06T00:17:08","guid":{"rendered":"https:\/\/grupocivitas.com.ar\/?page_id=41"},"modified":"2023-03-06T00:17:08","modified_gmt":"2023-03-06T00:17:08","slug":"traducciones","status":"publish","type":"page","link":"https:\/\/grupocivitas.com.ar\/index.php\/traducciones\/","title":{"rendered":"Traducciones"},"content":{"rendered":"\n<h2 class=\"alignwide has-text-align-center\">Traducciones<\/h2>\n\n\n\n<p>Vos no te ten\u00e9s que preocupar por nada, \u00a1nosotros te ayudamos con todo!<\/p>\n\n\n\n<p>Un paso importante dentro de la gesti\u00f3n de la ciudadan\u00eda es la traducci\u00f3n de la documentaci\u00f3n que se presente ante organismos de pa\u00edses que no hablan espa\u00f1ol.&nbsp;<\/p>\n\n\n\n<p>Nosotros contamos con un equipo de traductores p\u00fablicos nacionales matriculados en distintos idiomas. Ellos se ocupar\u00e1n de todo para que a vos te lleguen los documentos listos para presentarlos.&nbsp;<\/p>\n","protected":false},"excerpt":{"rendered":"<p>Traducciones Vos no te ten\u00e9s que preocupar por nada, \u00a1nosotros te ayudamos con todo! Un paso importante dentro de la gesti\u00f3n de la ciudadan\u00eda es la traducci\u00f3n de la documentaci\u00f3n &#8230;<\/p>\n","protected":false},"author":1,"featured_media":0,"parent":0,"menu_order":0,"comment_status":"closed","ping_status":"closed","template":"","meta":[],"_links":{"self":[{"href":"https:\/\/grupocivitas.com.ar\/index.php\/wp-json\/wp\/v2\/pages\/41"}],"collection":[{"href":"https:\/\/grupocivitas.com.ar\/index.php\/wp-json\/wp\/v2\/pages"}],"about":[{"href":"https:\/\/grupocivitas.com.ar\/index.php\/wp-json\/wp\/v2\/types\/page"}],"author":[{"embeddable":true,"href":"https:\/\/grupocivitas.com.ar\/index.php\/wp-json\/wp\/v2\/users\/1"}],"replies":[{"embeddable":true,"href":"https:\/\/grupocivitas.com.ar\/index.php\/wp-json\/wp\/v2\/comments?post=41"}],"version-history":[{"count":1,"href":"https:\/\/grupocivitas.com.ar\/index.php\/wp-json\/wp\/v2\/pages\/41\/revisions"}],"predecessor-version":[{"id":42,"href":"https:\/\/grupocivitas.com.ar\/index.php\/wp-json\/wp\/v2\/pages\/41\/revisions\/42"}],"wp:attachment":[{"href":"https:\/\/grupocivitas.com.ar\/index.php\/wp-json\/wp\/v2\/media?parent=41"}],"curies":[{"name":"wp","href":"https:\/\/api.w.org\/{rel}","templated":true}]}}