{"id":39,"date":"2023-03-06T00:16:15","date_gmt":"2023-03-06T00:16:15","guid":{"rendered":"https:\/\/grupocivitas.com.ar\/?page_id=39"},"modified":"2023-03-06T00:16:15","modified_gmt":"2023-03-06T00:16:15","slug":"busquedas","status":"publish","type":"page","link":"https:\/\/grupocivitas.com.ar\/index.php\/busquedas\/","title":{"rendered":"Busquedas"},"content":{"rendered":"\n<h2 class=\"alignwide has-text-align-center\">B\u00fasquedas<\/h2>\n\n\n\n<p>\u00bfSab\u00e9s que ten\u00e9s ascendencia europea pero no conoc\u00e9s d\u00f3nde naci\u00f3 tu familiar Europeo?<\/p>\n\n\n\n<p>Desde Grupo Civitas te ayudamos con la b\u00fasqueda.&nbsp;<\/p>\n\n\n\n<p>Es importante que sepas que para poder llevar a cabo una b\u00fasqueda de actas de una persona se debe siempre partir de algunos elementos m\u00ednimos de lugar, de tiempo y de relaci\u00f3n parental (padres, esposo\/a, hijos).<\/p>\n\n\n\n<p>Todo dato que tengas es importante y puede ayudar a reducir los tiempos de b\u00fasqueda.&nbsp;<\/p>\n","protected":false},"excerpt":{"rendered":"<p>B\u00fasquedas \u00bfSab\u00e9s que ten\u00e9s ascendencia europea pero no conoc\u00e9s d\u00f3nde naci\u00f3 tu familiar Europeo? Desde Grupo Civitas te ayudamos con la b\u00fasqueda.&nbsp; Es importante que sepas que para poder llevar &#8230;<\/p>\n","protected":false},"author":1,"featured_media":0,"parent":0,"menu_order":0,"comment_status":"closed","ping_status":"closed","template":"","meta":[],"_links":{"self":[{"href":"https:\/\/grupocivitas.com.ar\/index.php\/wp-json\/wp\/v2\/pages\/39"}],"collection":[{"href":"https:\/\/grupocivitas.com.ar\/index.php\/wp-json\/wp\/v2\/pages"}],"about":[{"href":"https:\/\/grupocivitas.com.ar\/index.php\/wp-json\/wp\/v2\/types\/page"}],"author":[{"embeddable":true,"href":"https:\/\/grupocivitas.com.ar\/index.php\/wp-json\/wp\/v2\/users\/1"}],"replies":[{"embeddable":true,"href":"https:\/\/grupocivitas.com.ar\/index.php\/wp-json\/wp\/v2\/comments?post=39"}],"version-history":[{"count":1,"href":"https:\/\/grupocivitas.com.ar\/index.php\/wp-json\/wp\/v2\/pages\/39\/revisions"}],"predecessor-version":[{"id":40,"href":"https:\/\/grupocivitas.com.ar\/index.php\/wp-json\/wp\/v2\/pages\/39\/revisions\/40"}],"wp:attachment":[{"href":"https:\/\/grupocivitas.com.ar\/index.php\/wp-json\/wp\/v2\/media?parent=39"}],"curies":[{"name":"wp","href":"https:\/\/api.w.org\/{rel}","templated":true}]}}