{"id":35,"date":"2023-03-06T00:13:23","date_gmt":"2023-03-06T00:13:23","guid":{"rendered":"https:\/\/grupocivitas.com.ar\/?page_id=35"},"modified":"2023-03-06T00:14:04","modified_gmt":"2023-03-06T00:14:04","slug":"legajo-ciudadania","status":"publish","type":"page","link":"https:\/\/grupocivitas.com.ar\/index.php\/legajo-ciudadania\/","title":{"rendered":"Armado de legajo de Ciudadania"},"content":{"rendered":"\n<h2 class=\"alignwide has-text-align-center\">Armado de legajo de Ciudadania<\/h2>\n\n\n\n<p>\u00bfQuer\u00e9s armar tu expediente de ciudadan\u00eda y no sab\u00e9s por donde empezar? \u00bfIniciaste en alg\u00fan momento tr\u00e9mites y no sab\u00e9s si lo que ten\u00e9s te sirve?&nbsp;<\/p>\n\n\n\n<p>Nuestro equipo de trabajo se encuentra ampliamente calificado para la confecci\u00f3n y revisi\u00f3n de los documentos necesarios para que puedas presentar tu solicitud de ciudadan\u00eda europea ante las autoridades correspondientes.&nbsp;<\/p>\n\n\n\n<p>Ello as\u00ed, con la informaci\u00f3n que nos brindes podemos armar tu expediente de ciudadan\u00eda&nbsp; de forma integral ya sea desde cero o completando lo que ya tramitaste para que vos solo tengas que presentarlo.&nbsp;<\/p>\n\n\n\n<p>Este servicio incluye:<\/p>\n\n\n\n<ul>\n<li>Asesor\u00eda\u00a0<\/li>\n\n\n\n<li>Revisi\u00f3n de documentaci\u00f3n\u00a0<\/li>\n\n\n\n<li>Solicitud de documentaci\u00f3n en los diversos registros civiles tanto nacionales como extranjeros.&nbsp;<\/li>\n\n\n\n<li>Rectificaciones&nbsp;<\/li>\n\n\n\n<li>Legalizaciones ante los organismos competentes&nbsp;<\/li>\n\n\n\n<li>Certificado de C\u00e1mara Nacional Electoral<\/li>\n\n\n\n<li>Traducciones&nbsp;<\/li>\n<\/ul>\n","protected":false},"excerpt":{"rendered":"<p>Armado de legajo de Ciudadania \u00bfQuer\u00e9s armar tu expediente de ciudadan\u00eda y no sab\u00e9s por donde empezar? \u00bfIniciaste en alg\u00fan momento tr\u00e9mites y no sab\u00e9s si lo que ten\u00e9s te &#8230;<\/p>\n","protected":false},"author":1,"featured_media":0,"parent":0,"menu_order":0,"comment_status":"closed","ping_status":"closed","template":"","meta":[],"_links":{"self":[{"href":"https:\/\/grupocivitas.com.ar\/index.php\/wp-json\/wp\/v2\/pages\/35"}],"collection":[{"href":"https:\/\/grupocivitas.com.ar\/index.php\/wp-json\/wp\/v2\/pages"}],"about":[{"href":"https:\/\/grupocivitas.com.ar\/index.php\/wp-json\/wp\/v2\/types\/page"}],"author":[{"embeddable":true,"href":"https:\/\/grupocivitas.com.ar\/index.php\/wp-json\/wp\/v2\/users\/1"}],"replies":[{"embeddable":true,"href":"https:\/\/grupocivitas.com.ar\/index.php\/wp-json\/wp\/v2\/comments?post=35"}],"version-history":[{"count":1,"href":"https:\/\/grupocivitas.com.ar\/index.php\/wp-json\/wp\/v2\/pages\/35\/revisions"}],"predecessor-version":[{"id":36,"href":"https:\/\/grupocivitas.com.ar\/index.php\/wp-json\/wp\/v2\/pages\/35\/revisions\/36"}],"wp:attachment":[{"href":"https:\/\/grupocivitas.com.ar\/index.php\/wp-json\/wp\/v2\/media?parent=35"}],"curies":[{"name":"wp","href":"https:\/\/api.w.org\/{rel}","templated":true}]}}