{"id":15,"date":"2023-03-05T23:46:43","date_gmt":"2023-03-05T23:46:43","guid":{"rendered":"https:\/\/grupocivitas.com.ar\/?page_id=15"},"modified":"2023-03-06T02:22:17","modified_gmt":"2023-03-06T02:22:17","slug":"home-grupo-civitas","status":"publish","type":"page","link":"https:\/\/grupocivitas.com.ar\/","title":{"rendered":"Home &#8211; Grupo Civitas"},"content":{"rendered":"\n<div class=\"wp-block-cover alignfull\"><span aria-hidden=\"true\" class=\"wp-block-cover__background has-background-dim\"><\/span><img decoding=\"async\" loading=\"lazy\" width=\"1024\" height=\"401\" class=\"wp-block-cover__image-background wp-image-21\" alt=\"\" src=\"https:\/\/grupocivitas.com.ar\/wp-content\/uploads\/2023\/03\/homegc-1024x401.jpg\" data-object-fit=\"cover\" srcset=\"https:\/\/grupocivitas.com.ar\/wp-content\/uploads\/2023\/03\/homegc-1024x401.jpg 1024w, https:\/\/grupocivitas.com.ar\/wp-content\/uploads\/2023\/03\/homegc-300x118.jpg 300w, https:\/\/grupocivitas.com.ar\/wp-content\/uploads\/2023\/03\/homegc-768x301.jpg 768w, https:\/\/grupocivitas.com.ar\/wp-content\/uploads\/2023\/03\/homegc-1536x602.jpg 1536w, https:\/\/grupocivitas.com.ar\/wp-content\/uploads\/2023\/03\/homegc.jpg 1920w\" sizes=\"(max-width: 1024px) 100vw, 1024px\" \/><div class=\"wp-block-cover__inner-container\">\n<p class=\"has-text-align-center texto_bhome has-large-font-size\"><strong>Asesor\u00eda y gesti\u00f3n de carpetas de ciudadan\u00eda europea<\/strong><\/p>\n<\/div><\/div>\n\n\n\n<div style=\"height:50px\" aria-hidden=\"true\" class=\"wp-block-spacer\"><\/div>\n\n\n\n<div class=\"is-layout-flex wp-container-4 wp-block-columns\">\n<div class=\"is-layout-flow wp-block-column\"><div class=\"wp-block-image\">\n<figure class=\"aligncenter size-full is-resized\"><a href=\"https:\/\/grupocivitas.com.ar\/index.php\/asesoria\/\"><img decoding=\"async\" loading=\"lazy\" src=\"https:\/\/grupocivitas.com.ar\/wp-content\/uploads\/2023\/03\/download-2.png\" alt=\"\" class=\"wp-image-25\" width=\"150\" height=\"150\" srcset=\"https:\/\/grupocivitas.com.ar\/wp-content\/uploads\/2023\/03\/download-2.png 225w, https:\/\/grupocivitas.com.ar\/wp-content\/uploads\/2023\/03\/download-2-150x150.png 150w\" sizes=\"(max-width: 150px) 100vw, 150px\" \/><\/a><figcaption class=\"wp-element-caption\"><a href=\"https:\/\/grupocivitas.com.ar\/index.php\/asesoria\/\" data-type=\"page\" data-id=\"33\">Asesor\u00edas<\/a><\/figcaption><\/figure><\/div><\/div>\n\n\n\n<div class=\"is-layout-flow wp-block-column\"><div class=\"wp-block-image\">\n<figure class=\"aligncenter size-full is-resized\"><a href=\"https:\/\/grupocivitas.com.ar\/index.php\/busquedas\/\"><img decoding=\"async\" loading=\"lazy\" src=\"https:\/\/grupocivitas.com.ar\/wp-content\/uploads\/2023\/03\/download-5.png\" alt=\"\" class=\"wp-image-29\" width=\"150\" height=\"150\" srcset=\"https:\/\/grupocivitas.com.ar\/wp-content\/uploads\/2023\/03\/download-5.png 225w, https:\/\/grupocivitas.com.ar\/wp-content\/uploads\/2023\/03\/download-5-150x150.png 150w\" sizes=\"(max-width: 150px) 100vw, 150px\" \/><\/a><figcaption class=\"wp-element-caption\"><a href=\"https:\/\/grupocivitas.com.ar\/index.php\/busquedas\/\" data-type=\"page\" data-id=\"39\">B\u00fasquedas<\/a><\/figcaption><\/figure><\/div><\/div>\n\n\n\n<div class=\"is-layout-flow wp-block-column is-vertically-aligned-center\"><div class=\"wp-block-image\">\n<figure class=\"aligncenter size-full is-resized\"><a href=\"https:\/\/grupocivitas.com.ar\/index.php\/traducciones\/\"><img decoding=\"async\" loading=\"lazy\" src=\"https:\/\/grupocivitas.com.ar\/wp-content\/uploads\/2023\/03\/download-4.png\" alt=\"\" class=\"wp-image-27\" width=\"150\" height=\"150\" srcset=\"https:\/\/grupocivitas.com.ar\/wp-content\/uploads\/2023\/03\/download-4.png 225w, https:\/\/grupocivitas.com.ar\/wp-content\/uploads\/2023\/03\/download-4-150x150.png 150w\" sizes=\"(max-width: 150px) 100vw, 150px\" \/><\/a><figcaption class=\"wp-element-caption\"><a href=\"https:\/\/grupocivitas.com.ar\/index.php\/traducciones\/\" data-type=\"page\" data-id=\"41\">Traducciones<\/a><\/figcaption><\/figure><\/div><\/div>\n<\/div>\n\n\n\n<div style=\"height:50px\" aria-hidden=\"true\" class=\"wp-block-spacer\"><\/div>\n\n\n\n<div class=\"wp-block-media-text is-stacked-on-mobile\" style=\"grid-template-columns:41% auto\"><figure class=\"wp-block-media-text__media\"><img decoding=\"async\" loading=\"lazy\" width=\"300\" height=\"168\" src=\"https:\/\/grupocivitas.com.ar\/wp-content\/uploads\/2023\/03\/pasaportes.jpeg\" alt=\"\" class=\"wp-image-31 size-full\"\/><\/figure><div class=\"wp-block-media-text__content\">\n<p class=\"has-text-align-left\">Somos un equipo de profesionales, abogados y traductores que nos unimos para darte el mejor servicio<br>Con m\u00e1s de 10 de experiencia, nuestra trayectoria nos permite brindar un amplio asesoramiento para soluciones precisas y concretas.<\/p>\n<\/div><\/div>\n\n\n\n<div style=\"height:50px\" aria-hidden=\"true\" class=\"wp-block-spacer\"><\/div>\n\n\n\n<div class=\"is-layout-constrained wp-block-group\"><div class=\"wp-block-group__inner-container\">\n<div class=\"is-layout-flex wp-container-6 wp-block-columns are-vertically-aligned-center\">\n<div class=\"is-layout-flow wp-block-column is-vertically-aligned-center has-background has-medium-font-size\" style=\"background-color:#ffffff00;flex-basis:100%\"><div class=\"wpforms-container wpforms-container-full form_home\" id=\"wpforms-58\"><form id=\"wpforms-form-58\" class=\"wpforms-validate wpforms-form wpforms-ajax-form\" data-formid=\"58\" method=\"post\" enctype=\"multipart\/form-data\" action=\"\/index.php\/wp-json\/wp\/v2\/pages\/15\" data-token=\"2597d8300bf0ae9fcfeac0e069f104a4\"><div class=\"wpforms-head-container\"><div class=\"wpforms-title\">Contacto<\/div><\/div><noscript class=\"wpforms-error-noscript\">Por favor, activa JavaScript en tu navegador para completar este formulario.<\/noscript><div class=\"wpforms-field-container\"><div id=\"wpforms-58-field_0-container\" class=\"wpforms-field wpforms-field-name\" data-field-id=\"0\"><label class=\"wpforms-field-label\" for=\"wpforms-58-field_0\">Nombre <span class=\"wpforms-required-label\">*<\/span><\/label><div class=\"wpforms-field-row wpforms-field-medium\"><div class=\"wpforms-field-row-block wpforms-first wpforms-one-half\"><input type=\"text\" id=\"wpforms-58-field_0\" class=\"wpforms-field-name-first wpforms-field-required\" name=\"wpforms[fields][0][first]\" required><label for=\"wpforms-58-field_0\" class=\"wpforms-field-sublabel after \">Nombre<\/label><\/div><div class=\"wpforms-field-row-block wpforms-one-half\"><input type=\"text\" id=\"wpforms-58-field_0-last\" class=\"wpforms-field-name-last wpforms-field-required\" name=\"wpforms[fields][0][last]\" required><label for=\"wpforms-58-field_0-last\" class=\"wpforms-field-sublabel after \">Apellidos<\/label><\/div><\/div><\/div><div id=\"wpforms-58-field_1-container\" class=\"wpforms-field wpforms-field-email\" data-field-id=\"1\"><label class=\"wpforms-field-label\" for=\"wpforms-58-field_1\">Correo electr\u00f3nico <span class=\"wpforms-required-label\">*<\/span><\/label><input type=\"email\" id=\"wpforms-58-field_1\" class=\"wpforms-field-medium wpforms-field-required\" name=\"wpforms[fields][1]\" required><\/div><div id=\"wpforms-58-field_3-container\" class=\"wpforms-field wpforms-field-select wpforms-field-select-style-classic\" data-field-id=\"3\"><label class=\"wpforms-field-label\" for=\"wpforms-58-field_3\">Servicio Requerido <span class=\"wpforms-required-label\">*<\/span><\/label><select id=\"wpforms-58-field_3\" class=\"wpforms-field-medium wpforms-field-required\" name=\"wpforms[fields][3]\" required=\"required\"><option value=\"Asesor\u00eda\" >Asesor\u00eda<\/option><option value=\"Traducciones\" >Traducciones<\/option><option value=\"Juicio por V\u00eda Materna\" >Juicio por V\u00eda Materna<\/option><option value=\"Otros\" >Otros<\/option><\/select><\/div><div id=\"wpforms-58-field_2-container\" class=\"wpforms-field wpforms-field-textarea\" data-field-id=\"2\"><label class=\"wpforms-field-label\" for=\"wpforms-58-field_2\">Comentario o mensaje adicional<\/label><textarea id=\"wpforms-58-field_2\" class=\"wpforms-field-medium\" name=\"wpforms[fields][2]\" ><\/textarea><\/div><\/div><div class=\"wpforms-recaptcha-container wpforms-is-recaptcha\"><div class=\"g-recaptcha\" data-sitekey=\"6LdHgNYkAAAAAAEOO7TT2mG97s9BDZ8LPBFTXcT6\"><\/div><input type=\"text\" name=\"g-recaptcha-hidden\" class=\"wpforms-recaptcha-hidden\" style=\"position:absolute!important;clip:rect(0,0,0,0)!important;height:1px!important;width:1px!important;border:0!important;overflow:hidden!important;padding:0!important;margin:0!important;\" required><\/div><div class=\"wpforms-submit-container\"><input type=\"hidden\" name=\"wpforms[id]\" value=\"58\"><input type=\"hidden\" name=\"wpforms[author]\" value=\"1\"><button type=\"submit\" name=\"wpforms[submit]\" id=\"wpforms-submit-58\" class=\"wpforms-submit form_home_envio\" data-alt-text=\"Enviando...\" data-submit-text=\"Enviar\" aria-live=\"assertive\" value=\"wpforms-submit\">Enviar<\/button><img src=\"https:\/\/grupocivitas.com.ar\/wp-content\/plugins\/wpforms-lite\/assets\/images\/submit-spin.svg\" class=\"wpforms-submit-spinner\" style=\"display: none;\" width=\"26\" height=\"26\" alt=\"Cargando\"><\/div><\/form><\/div>  <!-- .wpforms-container --><\/div>\n<\/div>\n<\/div><\/div>\n","protected":false},"excerpt":{"rendered":"<p>Gesti\u00f3n de ciudadan\u00edas europeas<\/p>\n","protected":false},"author":1,"featured_media":0,"parent":0,"menu_order":0,"comment_status":"closed","ping_status":"closed","template":"","meta":[],"_links":{"self":[{"href":"https:\/\/grupocivitas.com.ar\/index.php\/wp-json\/wp\/v2\/pages\/15"}],"collection":[{"href":"https:\/\/grupocivitas.com.ar\/index.php\/wp-json\/wp\/v2\/pages"}],"about":[{"href":"https:\/\/grupocivitas.com.ar\/index.php\/wp-json\/wp\/v2\/types\/page"}],"author":[{"embeddable":true,"href":"https:\/\/grupocivitas.com.ar\/index.php\/wp-json\/wp\/v2\/users\/1"}],"replies":[{"embeddable":true,"href":"https:\/\/grupocivitas.com.ar\/index.php\/wp-json\/wp\/v2\/comments?post=15"}],"version-history":[{"count":16,"href":"https:\/\/grupocivitas.com.ar\/index.php\/wp-json\/wp\/v2\/pages\/15\/revisions"}],"predecessor-version":[{"id":97,"href":"https:\/\/grupocivitas.com.ar\/index.php\/wp-json\/wp\/v2\/pages\/15\/revisions\/97"}],"wp:attachment":[{"href":"https:\/\/grupocivitas.com.ar\/index.php\/wp-json\/wp\/v2\/media?parent=15"}],"curies":[{"name":"wp","href":"https:\/\/api.w.org\/{rel}","templated":true}]}}